{"id":3636,"date":"2025-05-17T22:58:19","date_gmt":"2025-05-17T20:58:19","guid":{"rendered":"https:\/\/serwer2080635.home.pl\/autoinstalator\/wordpress\/?page_id=3636"},"modified":"2025-09-25T10:26:59","modified_gmt":"2025-09-25T08:26:59","slug":"redakcja-agetech","status":"publish","type":"page","link":"https:\/\/agetech.pl\/index.php\/redakcja-agetech\/","title":{"rendered":"Redakcja"},"content":{"rendered":"\n<p><strong>Portal AgeTech Polska<\/strong> to pierwsze w Polsce specjalistyczne \u017ar\u00f3d\u0142o wiedzy o dynamicznie rozwijaj\u0105cej si\u0119 bran\u017cy <strong>Age-Tech<\/strong>, czyli technologii wspieraj\u0105cych potrzeby os\u00f3b starszych.<\/p>\n\n\n\n<p>Portal powsta\u0142 z my\u015bl\u0105 o inwestorach, innowatorach, samorz\u0105dach, projektantach us\u0142ug oraz wszystkich, kt\u00f3rzy widz\u0105 przysz\u0142o\u015b\u0107 w <strong>spo\u0142ecze\u0144stwie d\u0142ugowiecznym<\/strong>.<\/p>\n\n\n\n<p>Projekt <strong>AgeTech<\/strong> tworz\u0105 ludzie z pasj\u0105 \u2013 do technologii, innowacji i realnej zmiany spo\u0142ecznej. Wierzymy, \u017ce nowoczesne rozwi\u0105zania mog\u0105 poprawia\u0107 jako\u015b\u0107 \u017cycia os\u00f3b starszych i wspiera\u0107 ich aktywno\u015b\u0107, niezale\u017cno\u015b\u0107 oraz bezpiecze\u0144stwo. Nasz zesp\u00f3\u0142 \u0142\u0105czy do\u015bwiadczenie w medycynie, IT, designie i strategii z autentyczn\u0105 misj\u0105 budowania przysz\u0142o\u015bci, w kt\u00f3rej starzenie si\u0119 nie oznacza wykluczenia, lecz nowe mo\u017cliwo\u015bci. Chcemy zostawi\u0107 po sobie pozytywny \u015blad \u2013 technologiczny i ludzki.<\/p>\n\n\n\n<ul class=\"wp-block-list\">\n<li><strong>Redaktor Naczelny &#8211; dzia\u0142y: Zdrowie, Innowacje<\/strong>: Bernard Go\u0142ko<\/li>\n\n\n\n<li><strong>Redaktor dzia\u0142\u00f3w Technologia, Mobilno\u015b\u0107 i Finanse:<\/strong> Jerzy Walczak<\/li>\n\n\n\n<li><strong>Redaktor dzia\u0142u Nieruchomo\u015bci, Inwestycje<\/strong>: Bart\u0142omiej Staszewski<\/li>\n\n\n\n<li><strong>Redaktor dzia\u0142u Prawo:<\/strong> TBC (zapraszamy do wsp\u00f3\u0142pracy)<\/li>\n\n\n\n<li><strong>Redaktor dzia\u0142u Kariera i Edukacja:<\/strong> TBC (zapraszamy do wsp\u00f3\u0142pracy)<\/li>\n<\/ul>\n\n\n\n<p><\/p>\n\n\n\n<p>Je\u015bli masz pasj\u0119 do nowych technologii, innowacji, ewolucji spo\u0142ecze\u0144stwa i chcesz wsp\u00f3\u0142tworzy\u0107 pozytywn\u0105 zmian\u0119 \u2013 do\u0142\u0105cz do naszego zespo\u0142u redakcyjnego. Szukamy os\u00f3b, kt\u00f3re chc\u0105 pisa\u0107, tworzy\u0107, bada\u0107 i inspirowa\u0107. Niezale\u017cnie od tego, czy jeste\u015b ekspertem, studentem czy po prostu ciekawym \u015bwiata entuzjast\u0105 \u2013 napisz do nas. Razem rozwijajmy przestrze\u0144 AgeTech!<\/p>\n\n\n\n<h2 class=\"wp-block-heading\">Zosta\u0144my w kontakcie<\/h2>\n\n\n\n<p>Zapraszamy do wsp\u00f3lnego tworzenia spo\u0142eczno\u015bci AgeTech w Polsce.<\/p>\n\n\n\n<p>Napisz do nas: <span style=\"text-decoration: underline;\">redakcja@agetech.pl<\/span><\/p>\n\n\n\n<hr class=\"wp-block-separator has-alpha-channel-opacity\"\/>\n\n\n\n<p><code><!-- Noptin Newsletter Plugin v4.1.8 - https:\/\/wordpress.org\/plugins\/newsletter-optin-box\/ --><div id=\"noptin-form-22__wrapper\" class=\"noptin-optin-main-wrapper noptin-form-id-4411 noptin-inpost-main-wrapper\" aria-labelledby=\"noptin-form-22__title\" style=\"--noptin-background-color: #eeeeee; --noptin-border-color: #eeeeee; --noptin-title-color: #313131; --noptin-description-color: #32373c; --noptin-note-color: #607D8B;\" ><style>.noptin-form-id-4411 .noptin-optin-form-wrapper *{}<\/style><div style=\"max-width:620px; min-height:280px;border-style: solid;border-width: 4px;border-color: #eeeeee;\" class=\"noptin-optin-form-wrapper no-image\" ><!-- Form ID: 4411 --><form id=\"noptin-form-22\" class=\"noptin-optin-form noptin-form-new-line noptin-label-hide noptin-form-22\" method=\"post\" novalidate >\t\t\t\t\t<div class=\"noptin-form-header no-image\">\n\t\t\t\t\t\t\t\t\t\t\t\t<div class=\"noptin-form-header-text\">\n\n\t\t\t\t\t\t\t\n\t\t\t\t\t\t\t\t\t\t\t\t\t\t\t<div style=\"color: #313131;font-size: 30px; font-weight: 700; line-height: 1.5;\" class=\"noptin-form-heading\">\n\t\t\t\t\t\t\t\t\tNEWSLETTER AGETECH\t\t\t\t\t\t\t\t<\/div>\n\t\t\t\t\t\t\t\n\t\t\t\t\t\t\t\n\t\t\t\t\t\t<\/div>\n\t\t\t\t\t\t\n\t\t\t\t\t\t\n\t\t\t\t\t<\/div>\n\t\t\t\t<div class=\"noptin-form-footer\"><div class=\"noptin-form-fields\">\t\t\t<div class=\"noptin-form-field-wrapper noptin-form-field-email noptin-optin-field-wrapper noptin-optin-field-email\" id=\"noptin-form-22__field-email--wrapper\" >\n\t\t<div class=\"noptin-field-email\">\n\t\t\t<label class=\"noptin-label\" for=\"noptin-form-22__field-email\">Email Address<\/label>\n\t\t\t<input name=\"noptin_fields[email]\" id=\"noptin-form-22__field-email\" type=\"email\" class=\"noptin-text noptin-form-field noptin-form-field__email noptin-form-field__has-no-placeholder\" placeholder=\"Email Address\" required \/>\n\n\t\t<\/div><\/div>\t\t\t<div class=\"noptin-form-field-wrapper noptin-form-field-submit noptin-optin-field-wrapper noptin-optin-field-submit\" >\n\t\t\n\t\t\t<input type=\"submit\" id=\"noptin-form-22__submit\" class=\"noptin-form-submit btn button btn-primary button-primary wp-element-button noptin-form-button-block\" name=\"noptin-submit\" value=\"Subskrybuj\u0119\"  \/>\n\n\t\t<\/div><\/div>\t\t\t\t\t\t\t<div style=\"color: #607D8B;\" class=\"noptin-form-note\">\n\t\t\t\t\t\n\n\n\n\n\n\n\n<p class=\"p1\">Subskrybuj\u0105c, akceptujesz nasz\u0105 polityk\u0119 prywatno\u015bci oraz Regulamin.<\/p>\t\t\t\t<\/div>\n\t\t\t\t\t\t<div class=\"noptin-form-notice noptin-response\" role=\"alert\"><\/div>\n\t\t\t<\/div>\n\t\t\t<input type=\"hidden\" name=\"noptin_element_id\" value=\"22\" \/><input type=\"hidden\" name=\"source\" value=\"4411\" \/><input type=\"hidden\" name=\"form_action\" value=\"subscribe\" \/><input type=\"hidden\" name=\"noptin-config\" value=\"wkv8okFnD8YOttu1RJ8FrrCbIcCAFx7oQaFmSNTmY6DzYfAD1QpSt2V0XLLVVv68\" \/><input type=\"hidden\" name=\"noptin_form_id\" value=\"4411\" \/><\/form><\/div><!-- \/Form ID: 4411 --><\/div><!-- \/ Noptin Newsletter Plugin --><\/code><\/p>\n\n\n\n<p><\/p>\n","protected":false},"excerpt":{"rendered":"Portal AgeTech Polska to pierwsze w Polsce specjalistyczne \u017ar\u00f3d\u0142o wiedzy o dynamicznie rozwijaj\u0105cej si\u0119 bran\u017cy Age-Tech, czyli technologii&hellip;","protected":false},"author":1,"featured_media":0,"parent":0,"menu_order":0,"comment_status":"closed","ping_status":"closed","template":"","meta":{"_price":"","_stock":"","_tribe_ticket_header":"","_tribe_default_ticket_provider":"","_ticket_start_date":"","_ticket_end_date":"","_tribe_ticket_show_description":"","_tribe_ticket_show_not_going":false,"_tribe_ticket_use_global_stock":"","_tribe_ticket_global_stock_level":"","_global_stock_mode":"","_global_stock_cap":"","_tribe_rsvp_for_event":"","_tribe_ticket_going_count":"","_tribe_ticket_not_going_count":"","_tribe_tickets_list":"[]","_tribe_ticket_has_attendee_info_fields":false,"csco_display_header_overlay":false,"csco_singular_sidebar":"","csco_page_header_type":"","csco_page_load_nextpost":"","csco_post_video_location":[],"csco_post_video_location_hash":"","csco_post_video_url":"","csco_post_video_bg_start_time":0,"csco_post_video_bg_end_time":0,"footnotes":"","_tec_slr_enabled":"","_tec_slr_layout":""},"class_list":["post-3636","page","type-page","status-publish","cs-entry","cs-video-wrap"],"yoast_head":"<!-- This site is optimized with the Yoast SEO plugin v27.1.1 - https:\/\/yoast.com\/product\/yoast-seo-wordpress\/ -->\n<title>Redakcja - AgeTech Polska<\/title>\n<meta name=\"description\" content=\"Je\u015bli masz pasj\u0119 do nowych technologii, starzej\u0105cego si\u0119 spo\u0142ecze\u0144stwa i chcesz wsp\u00f3\u0142tworzy\u0107 pozytywn\u0105 zmian\u0119 \u2013 do\u0142\u0105cz do naszego zespo\u0142u redakcyjnego.\" \/>\n<meta name=\"robots\" content=\"index, follow, max-snippet:-1, max-image-preview:large, max-video-preview:-1\" \/>\n<link rel=\"canonical\" href=\"https:\/\/agetech.pl\/index.php\/redakcja-agetech\/\" \/>\n<meta property=\"og:locale\" content=\"pl_PL\" \/>\n<meta property=\"og:type\" content=\"article\" \/>\n<meta property=\"og:title\" content=\"Redakcja - AgeTech Polska\" \/>\n<meta property=\"og:description\" content=\"Je\u015bli masz pasj\u0119 do nowych technologii, starzej\u0105cego si\u0119 spo\u0142ecze\u0144stwa i chcesz wsp\u00f3\u0142tworzy\u0107 pozytywn\u0105 zmian\u0119 \u2013 do\u0142\u0105cz do naszego zespo\u0142u redakcyjnego.\" \/>\n<meta property=\"og:url\" content=\"https:\/\/agetech.pl\/index.php\/redakcja-agetech\/\" \/>\n<meta property=\"og:site_name\" content=\"AgeTech Polska\" \/>\n<meta property=\"article:modified_time\" content=\"2025-09-25T08:26:59+00:00\" \/>\n<meta name=\"twitter:card\" content=\"summary_large_image\" \/>\n<meta name=\"twitter:label1\" content=\"Szacowany czas czytania\" \/>\n\t<meta name=\"twitter:data1\" content=\"2 minuty\" \/>\n<script type=\"application\/ld+json\" class=\"yoast-schema-graph\">{\"@context\":\"https:\/\/schema.org\",\"@graph\":[{\"@type\":\"WebPage\",\"@id\":\"https:\/\/agetech.pl\/index.php\/redakcja-agetech\/\",\"url\":\"https:\/\/agetech.pl\/index.php\/redakcja-agetech\/\",\"name\":\"Redakcja - AgeTech Polska\",\"isPartOf\":{\"@id\":\"https:\/\/agetech.pl\/#website\"},\"datePublished\":\"2025-05-17T20:58:19+00:00\",\"dateModified\":\"2025-09-25T08:26:59+00:00\",\"description\":\"Je\u015bli masz pasj\u0119 do nowych technologii, starzej\u0105cego si\u0119 spo\u0142ecze\u0144stwa i chcesz wsp\u00f3\u0142tworzy\u0107 pozytywn\u0105 zmian\u0119 \u2013 do\u0142\u0105cz do naszego zespo\u0142u redakcyjnego.\",\"breadcrumb\":{\"@id\":\"https:\/\/agetech.pl\/index.php\/redakcja-agetech\/#breadcrumb\"},\"inLanguage\":\"pl-PL\",\"potentialAction\":[{\"@type\":\"ReadAction\",\"target\":[\"https:\/\/agetech.pl\/index.php\/redakcja-agetech\/\"]}]},{\"@type\":\"BreadcrumbList\",\"@id\":\"https:\/\/agetech.pl\/index.php\/redakcja-agetech\/#breadcrumb\",\"itemListElement\":[{\"@type\":\"ListItem\",\"position\":1,\"name\":\"Strona g\u0142\u00f3wna\",\"item\":\"https:\/\/agetech.pl\/\"},{\"@type\":\"ListItem\",\"position\":2,\"name\":\"Redakcja\"}]},{\"@type\":\"WebSite\",\"@id\":\"https:\/\/agetech.pl\/#website\",\"url\":\"https:\/\/agetech.pl\/\",\"name\":\"AgeTech Polska\",\"description\":\"AgeTech Polska to pierwszy w Polsce portal po\u015bwi\u0119cony technologiom i innowacjom dla starzej\u0105cego si\u0119 spo\u0142ecze\u0144stwa.\",\"publisher\":{\"@id\":\"https:\/\/agetech.pl\/#organization\"},\"alternateName\":\"AgeTech Poland\",\"potentialAction\":[{\"@type\":\"SearchAction\",\"target\":{\"@type\":\"EntryPoint\",\"urlTemplate\":\"https:\/\/agetech.pl\/?s={search_term_string}\"},\"query-input\":{\"@type\":\"PropertyValueSpecification\",\"valueRequired\":true,\"valueName\":\"search_term_string\"}}],\"inLanguage\":\"pl-PL\"},{\"@type\":\"Organization\",\"@id\":\"https:\/\/agetech.pl\/#organization\",\"name\":\"AgeTech Polska\",\"url\":\"https:\/\/agetech.pl\/\",\"logo\":{\"@type\":\"ImageObject\",\"inLanguage\":\"pl-PL\",\"@id\":\"https:\/\/agetech.pl\/#\/schema\/logo\/image\/\",\"url\":\"https:\/\/agetech.pl\/wp-content\/uploads\/2025\/05\/ksenia-emelianchik-i-CJpO_SzzU-unsplash-scaled.jpg\",\"contentUrl\":\"https:\/\/agetech.pl\/wp-content\/uploads\/2025\/05\/ksenia-emelianchik-i-CJpO_SzzU-unsplash-scaled.jpg\",\"width\":1707,\"height\":2560,\"caption\":\"AgeTech Polska\"},\"image\":{\"@id\":\"https:\/\/agetech.pl\/#\/schema\/logo\/image\/\"},\"sameAs\":[\"https:\/\/www.linkedin.com\/company\/agetech-polska\/\"]}]}<\/script>\n<!-- \/ Yoast SEO plugin. -->","yoast_head_json":{"title":"Redakcja - AgeTech Polska","description":"Je\u015bli masz pasj\u0119 do nowych technologii, starzej\u0105cego si\u0119 spo\u0142ecze\u0144stwa i chcesz wsp\u00f3\u0142tworzy\u0107 pozytywn\u0105 zmian\u0119 \u2013 do\u0142\u0105cz do naszego zespo\u0142u redakcyjnego.","robots":{"index":"index","follow":"follow","max-snippet":"max-snippet:-1","max-image-preview":"max-image-preview:large","max-video-preview":"max-video-preview:-1"},"canonical":"https:\/\/agetech.pl\/index.php\/redakcja-agetech\/","og_locale":"pl_PL","og_type":"article","og_title":"Redakcja - AgeTech Polska","og_description":"Je\u015bli masz pasj\u0119 do nowych technologii, starzej\u0105cego si\u0119 spo\u0142ecze\u0144stwa i chcesz wsp\u00f3\u0142tworzy\u0107 pozytywn\u0105 zmian\u0119 \u2013 do\u0142\u0105cz do naszego zespo\u0142u redakcyjnego.","og_url":"https:\/\/agetech.pl\/index.php\/redakcja-agetech\/","og_site_name":"AgeTech Polska","article_modified_time":"2025-09-25T08:26:59+00:00","twitter_card":"summary_large_image","twitter_misc":{"Szacowany czas czytania":"2 minuty"},"schema":{"@context":"https:\/\/schema.org","@graph":[{"@type":"WebPage","@id":"https:\/\/agetech.pl\/index.php\/redakcja-agetech\/","url":"https:\/\/agetech.pl\/index.php\/redakcja-agetech\/","name":"Redakcja - AgeTech Polska","isPartOf":{"@id":"https:\/\/agetech.pl\/#website"},"datePublished":"2025-05-17T20:58:19+00:00","dateModified":"2025-09-25T08:26:59+00:00","description":"Je\u015bli masz pasj\u0119 do nowych technologii, starzej\u0105cego si\u0119 spo\u0142ecze\u0144stwa i chcesz wsp\u00f3\u0142tworzy\u0107 pozytywn\u0105 zmian\u0119 \u2013 do\u0142\u0105cz do naszego zespo\u0142u redakcyjnego.","breadcrumb":{"@id":"https:\/\/agetech.pl\/index.php\/redakcja-agetech\/#breadcrumb"},"inLanguage":"pl-PL","potentialAction":[{"@type":"ReadAction","target":["https:\/\/agetech.pl\/index.php\/redakcja-agetech\/"]}]},{"@type":"BreadcrumbList","@id":"https:\/\/agetech.pl\/index.php\/redakcja-agetech\/#breadcrumb","itemListElement":[{"@type":"ListItem","position":1,"name":"Strona g\u0142\u00f3wna","item":"https:\/\/agetech.pl\/"},{"@type":"ListItem","position":2,"name":"Redakcja"}]},{"@type":"WebSite","@id":"https:\/\/agetech.pl\/#website","url":"https:\/\/agetech.pl\/","name":"AgeTech Polska","description":"AgeTech Polska to pierwszy w Polsce portal po\u015bwi\u0119cony technologiom i innowacjom dla starzej\u0105cego si\u0119 spo\u0142ecze\u0144stwa.","publisher":{"@id":"https:\/\/agetech.pl\/#organization"},"alternateName":"AgeTech Poland","potentialAction":[{"@type":"SearchAction","target":{"@type":"EntryPoint","urlTemplate":"https:\/\/agetech.pl\/?s={search_term_string}"},"query-input":{"@type":"PropertyValueSpecification","valueRequired":true,"valueName":"search_term_string"}}],"inLanguage":"pl-PL"},{"@type":"Organization","@id":"https:\/\/agetech.pl\/#organization","name":"AgeTech Polska","url":"https:\/\/agetech.pl\/","logo":{"@type":"ImageObject","inLanguage":"pl-PL","@id":"https:\/\/agetech.pl\/#\/schema\/logo\/image\/","url":"https:\/\/agetech.pl\/wp-content\/uploads\/2025\/05\/ksenia-emelianchik-i-CJpO_SzzU-unsplash-scaled.jpg","contentUrl":"https:\/\/agetech.pl\/wp-content\/uploads\/2025\/05\/ksenia-emelianchik-i-CJpO_SzzU-unsplash-scaled.jpg","width":1707,"height":2560,"caption":"AgeTech Polska"},"image":{"@id":"https:\/\/agetech.pl\/#\/schema\/logo\/image\/"},"sameAs":["https:\/\/www.linkedin.com\/company\/agetech-polska\/"]}]}},"jetpack_sharing_enabled":true,"ticketed":false,"_links":{"self":[{"href":"https:\/\/agetech.pl\/index.php\/wp-json\/wp\/v2\/pages\/3636","targetHints":{"allow":["GET"]}}],"collection":[{"href":"https:\/\/agetech.pl\/index.php\/wp-json\/wp\/v2\/pages"}],"about":[{"href":"https:\/\/agetech.pl\/index.php\/wp-json\/wp\/v2\/types\/page"}],"author":[{"embeddable":true,"href":"https:\/\/agetech.pl\/index.php\/wp-json\/wp\/v2\/users\/1"}],"replies":[{"embeddable":true,"href":"https:\/\/agetech.pl\/index.php\/wp-json\/wp\/v2\/comments?post=3636"}],"version-history":[{"count":16,"href":"https:\/\/agetech.pl\/index.php\/wp-json\/wp\/v2\/pages\/3636\/revisions"}],"predecessor-version":[{"id":5185,"href":"https:\/\/agetech.pl\/index.php\/wp-json\/wp\/v2\/pages\/3636\/revisions\/5185"}],"wp:attachment":[{"href":"https:\/\/agetech.pl\/index.php\/wp-json\/wp\/v2\/media?parent=3636"}],"curies":[{"name":"wp","href":"https:\/\/api.w.org\/{rel}","templated":true}]}}